{"id":1431,"date":"2024-01-16T14:30:53","date_gmt":"2024-01-16T14:30:53","guid":{"rendered":"https:\/\/electrostickers.ch\/ueber-uns\/"},"modified":"2024-02-08T11:36:24","modified_gmt":"2024-02-08T11:36:24","slug":"ueber-uns","status":"publish","type":"page","link":"https:\/\/electrostickers.ch\/de\/ueber-uns\/","title":{"rendered":"\u00dcber uns"},"content":{"rendered":"\t\t<div data-elementor-type=\"wp-page\" data-elementor-id=\"1431\" class=\"elementor elementor-1431 elementor-1418\" data-elementor-post-type=\"page\">\n\t\t\t\t\t\t<section class=\"elementor-section elementor-top-section elementor-element elementor-element-e1aa13e elementor-section-full_width elementor-section-height-default elementor-section-height-default\" data-id=\"e1aa13e\" data-element_type=\"section\">\n\t\t\t\t\t\t<div class=\"elementor-container elementor-column-gap-default\">\n\t\t\t\t\t<div class=\"elementor-column elementor-col-100 elementor-top-column elementor-element elementor-element-ec57449\" data-id=\"ec57449\" data-element_type=\"column\">\n\t\t\t<div class=\"elementor-widget-wrap elementor-element-populated\">\n\t\t\t\t\t\t<div class=\"elementor-element elementor-element-194f2e2 elementor-widget elementor-widget-text-editor\" data-id=\"194f2e2\" data-element_type=\"widget\" data-widget_type=\"text-editor.default\">\n\t\t\t\t<div class=\"elementor-widget-container\">\n\t\t\t<style>\/*! elementor - v3.22.0 - 17-06-2024 *\/\n.elementor-widget-text-editor.elementor-drop-cap-view-stacked .elementor-drop-cap{background-color:#69727d;color:#fff}.elementor-widget-text-editor.elementor-drop-cap-view-framed .elementor-drop-cap{color:#69727d;border:3px solid;background-color:transparent}.elementor-widget-text-editor:not(.elementor-drop-cap-view-default) .elementor-drop-cap{margin-top:8px}.elementor-widget-text-editor:not(.elementor-drop-cap-view-default) .elementor-drop-cap-letter{width:1em;height:1em}.elementor-widget-text-editor .elementor-drop-cap{float:left;text-align:center;line-height:1;font-size:50px}.elementor-widget-text-editor .elementor-drop-cap-letter{display:inline-block}<\/style>\t\t\t\t\t\t<div data-elementor-type=\"section\" data-elementor-id=\"1767\" class=\"elementor elementor-1767 elementor-142\" data-elementor-post-type=\"elementor_library\">\n\t\t\t\t\t<section class=\"elementor-section elementor-top-section elementor-element elementor-element-170a906b elementor-section-boxed elementor-section-height-default elementor-section-height-default\" data-id=\"170a906b\" data-element_type=\"section\" data-settings=\"{&quot;background_background&quot;:&quot;classic&quot;}\">\n\t\t\t\t\t\t\t<div class=\"elementor-background-overlay\"><\/div>\n\t\t\t\t\t\t\t<div class=\"elementor-container elementor-column-gap-default\">\n\t\t\t\t\t<div class=\"elementor-column elementor-col-100 elementor-top-column elementor-element elementor-element-17b5c411\" data-id=\"17b5c411\" data-element_type=\"column\">\n\t\t\t<div class=\"elementor-widget-wrap elementor-element-populated\">\n\t\t\t\t\t\t<div class=\"elementor-element elementor-element-5ed2e5e9 elementor-widget elementor-widget-heading\" data-id=\"5ed2e5e9\" data-element_type=\"widget\" data-widget_type=\"heading.default\">\n\t\t\t\t<div class=\"elementor-widget-container\">\n\t\t\t<style>\/*! elementor - v3.22.0 - 17-06-2024 *\/\n.elementor-heading-title{padding:0;margin:0;line-height:1}.elementor-widget-heading .elementor-heading-title[class*=elementor-size-]>a{color:inherit;font-size:inherit;line-height:inherit}.elementor-widget-heading .elementor-heading-title.elementor-size-small{font-size:15px}.elementor-widget-heading .elementor-heading-title.elementor-size-medium{font-size:19px}.elementor-widget-heading .elementor-heading-title.elementor-size-large{font-size:29px}.elementor-widget-heading .elementor-heading-title.elementor-size-xl{font-size:39px}.elementor-widget-heading .elementor-heading-title.elementor-size-xxl{font-size:59px}<\/style><h2 class=\"elementor-heading-title elementor-size-default\">\u00dcber uns<\/h2>\t\t<\/div>\n\t\t\t\t<\/div>\n\t\t\t\t<div class=\"elementor-element elementor-element-2310403f elementor-icon-list--layout-inline elementor-widget__width-auto elementor-list-item-link-full_width elementor-widget elementor-widget-icon-list\" data-id=\"2310403f\" data-element_type=\"widget\" data-widget_type=\"icon-list.default\">\n\t\t\t\t<div class=\"elementor-widget-container\">\n\t\t\t<link rel=\"stylesheet\" href=\"https:\/\/electrostickers.ch\/wp-content\/uploads\/elementor\/css\/custom-widget-icon-list.min.css?ver=1726876168\">\t\t<ul class=\"elementor-icon-list-items elementor-inline-items\">\n\t\t\t\t\t\t\t<li class=\"elementor-icon-list-item elementor-inline-item\">\n\t\t\t\t\t\t\t\t\t\t\t<a href=\"https:\/\/electrostickers.ch\/de\/\">\n\n\t\t\t\t\t\t\t\t\t\t\t<span class=\"elementor-icon-list-text\">Startseite<\/span>\n\t\t\t\t\t\t\t\t\t\t\t<\/a>\n\t\t\t\t\t\t\t\t\t<\/li>\n\t\t\t\t\t\t\t\t<li class=\"elementor-icon-list-item elementor-inline-item\">\n\t\t\t\t\t\t\t\t\t\t\t<span class=\"elementor-icon-list-icon\">\n\t\t\t\t\t\t\t<i aria-hidden=\"true\" class=\"icons icon-arrow-right\"><\/i>\t\t\t\t\t\t<\/span>\n\t\t\t\t\t\t\t\t\t\t<span class=\"elementor-icon-list-text\"><\/span>\n\t\t\t\t\t\t\t\t\t<\/li>\n\t\t\t\t\t\t\t\t<li class=\"elementor-icon-list-item elementor-inline-item\">\n\t\t\t\t\t\t\t\t\t\t<span class=\"elementor-icon-list-text\">\u00dcber uns<\/span>\n\t\t\t\t\t\t\t\t\t<\/li>\n\t\t\t\t\t\t<\/ul>\n\t\t\t\t<\/div>\n\t\t\t\t<\/div>\n\t\t\t\t\t<\/div>\n\t\t<\/div>\n\t\t\t\t\t<\/div>\n\t\t<\/section>\n\t\t\t\t<\/div>\n\t\t\n\t\t\t\t\t\t<\/div>\n\t\t\t\t<\/div>\n\t\t\t\t\t<\/div>\n\t\t<\/div>\n\t\t\t\t\t<\/div>\n\t\t<\/section>\n\t\t\t\t<section class=\"elementor-section elementor-top-section elementor-element elementor-element-bed08c1 elementor-section-content-middle elementor-section-boxed elementor-section-height-default elementor-section-height-default\" data-id=\"bed08c1\" data-element_type=\"section\">\n\t\t\t\t\t\t<div class=\"elementor-container elementor-column-gap-default\">\n\t\t\t\t\t<div class=\"elementor-column elementor-col-50 elementor-top-column elementor-element elementor-element-8bba793\" data-id=\"8bba793\" data-element_type=\"column\">\n\t\t\t<div class=\"elementor-widget-wrap elementor-element-populated\">\n\t\t\t\t\t\t<div class=\"elementor-element elementor-element-5cf208d elementor-widget elementor-widget-image\" data-id=\"5cf208d\" data-element_type=\"widget\" data-widget_type=\"image.default\">\n\t\t\t\t<div class=\"elementor-widget-container\">\n\t\t\t<style>\/*! elementor - v3.22.0 - 17-06-2024 *\/\n.elementor-widget-image{text-align:center}.elementor-widget-image a{display:inline-block}.elementor-widget-image a img[src$=\".svg\"]{width:48px}.elementor-widget-image img{vertical-align:middle;display:inline-block}<\/style>\t\t\t\t\t\t\t\t\t\t<img fetchpriority=\"high\" decoding=\"async\" width=\"813\" height=\"1219\" src=\"https:\/\/electrostickers.ch\/wp-content\/uploads\/2024\/01\/Untitled-design-59.jpg\" class=\"attachment-full size-full wp-image-2085\" alt=\"\" srcset=\"https:\/\/electrostickers.ch\/wp-content\/uploads\/2024\/01\/Untitled-design-59.jpg 813w, https:\/\/electrostickers.ch\/wp-content\/uploads\/2024\/01\/Untitled-design-59-200x300.jpg 200w, https:\/\/electrostickers.ch\/wp-content\/uploads\/2024\/01\/Untitled-design-59-683x1024.jpg 683w, https:\/\/electrostickers.ch\/wp-content\/uploads\/2024\/01\/Untitled-design-59-768x1152.jpg 768w, https:\/\/electrostickers.ch\/wp-content\/uploads\/2024\/01\/Untitled-design-59-300x450.jpg 300w, https:\/\/electrostickers.ch\/wp-content\/uploads\/2024\/01\/Untitled-design-59-600x900.jpg 600w\" sizes=\"(max-width: 813px) 100vw, 813px\" \/>\t\t\t\t\t\t\t\t\t\t\t\t\t<\/div>\n\t\t\t\t<\/div>\n\t\t\t\t\t<\/div>\n\t\t<\/div>\n\t\t\t\t<div class=\"elementor-column elementor-col-50 elementor-top-column elementor-element elementor-element-f115da4\" data-id=\"f115da4\" data-element_type=\"column\">\n\t\t\t<div class=\"elementor-widget-wrap elementor-element-populated\">\n\t\t\t\t\t\t<section class=\"elementor-section elementor-inner-section elementor-element elementor-element-9a85cc6 elementor-section-content-middle elementor-section-boxed elementor-section-height-default elementor-section-height-default\" data-id=\"9a85cc6\" data-element_type=\"section\">\n\t\t\t\t\t\t<div class=\"elementor-container elementor-column-gap-default\">\n\t\t\t\t\t<div class=\"elementor-column elementor-col-50 elementor-inner-column elementor-element elementor-element-c723e15\" data-id=\"c723e15\" data-element_type=\"column\">\n\t\t\t<div class=\"elementor-widget-wrap elementor-element-populated\">\n\t\t\t\t\t\t<div class=\"elementor-element elementor-element-5a75400 elementor-widget elementor-widget-heading\" data-id=\"5a75400\" data-element_type=\"widget\" data-widget_type=\"heading.default\">\n\t\t\t\t<div class=\"elementor-widget-container\">\n\t\t\t<h2 class=\"elementor-heading-title elementor-size-default\">Einf\u00fchrung<\/h2>\t\t<\/div>\n\t\t\t\t<\/div>\n\t\t\t\t\t<\/div>\n\t\t<\/div>\n\t\t\t\t<div class=\"elementor-column elementor-col-50 elementor-inner-column elementor-element elementor-element-aafffc6\" data-id=\"aafffc6\" data-element_type=\"column\">\n\t\t\t<div class=\"elementor-widget-wrap elementor-element-populated\">\n\t\t\t\t\t\t<div class=\"elementor-element elementor-element-fb9ae81 elementor-widget-divider--view-line elementor-widget elementor-widget-divider\" data-id=\"fb9ae81\" data-element_type=\"widget\" data-widget_type=\"divider.default\">\n\t\t\t\t<div class=\"elementor-widget-container\">\n\t\t\t<style>\/*! elementor - v3.22.0 - 17-06-2024 *\/\n.elementor-widget-divider{--divider-border-style:none;--divider-border-width:1px;--divider-color:#0c0d0e;--divider-icon-size:20px;--divider-element-spacing:10px;--divider-pattern-height:24px;--divider-pattern-size:20px;--divider-pattern-url:none;--divider-pattern-repeat:repeat-x}.elementor-widget-divider .elementor-divider{display:flex}.elementor-widget-divider .elementor-divider__text{font-size:15px;line-height:1;max-width:95%}.elementor-widget-divider .elementor-divider__element{margin:0 var(--divider-element-spacing);flex-shrink:0}.elementor-widget-divider .elementor-icon{font-size:var(--divider-icon-size)}.elementor-widget-divider .elementor-divider-separator{display:flex;margin:0;direction:ltr}.elementor-widget-divider--view-line_icon .elementor-divider-separator,.elementor-widget-divider--view-line_text .elementor-divider-separator{align-items:center}.elementor-widget-divider--view-line_icon .elementor-divider-separator:after,.elementor-widget-divider--view-line_icon .elementor-divider-separator:before,.elementor-widget-divider--view-line_text .elementor-divider-separator:after,.elementor-widget-divider--view-line_text .elementor-divider-separator:before{display:block;content:\"\";border-block-end:0;flex-grow:1;border-block-start:var(--divider-border-width) var(--divider-border-style) var(--divider-color)}.elementor-widget-divider--element-align-left .elementor-divider .elementor-divider-separator>.elementor-divider__svg:first-of-type{flex-grow:0;flex-shrink:100}.elementor-widget-divider--element-align-left .elementor-divider-separator:before{content:none}.elementor-widget-divider--element-align-left .elementor-divider__element{margin-left:0}.elementor-widget-divider--element-align-right .elementor-divider .elementor-divider-separator>.elementor-divider__svg:last-of-type{flex-grow:0;flex-shrink:100}.elementor-widget-divider--element-align-right .elementor-divider-separator:after{content:none}.elementor-widget-divider--element-align-right .elementor-divider__element{margin-right:0}.elementor-widget-divider--element-align-start .elementor-divider .elementor-divider-separator>.elementor-divider__svg:first-of-type{flex-grow:0;flex-shrink:100}.elementor-widget-divider--element-align-start .elementor-divider-separator:before{content:none}.elementor-widget-divider--element-align-start .elementor-divider__element{margin-inline-start:0}.elementor-widget-divider--element-align-end .elementor-divider .elementor-divider-separator>.elementor-divider__svg:last-of-type{flex-grow:0;flex-shrink:100}.elementor-widget-divider--element-align-end .elementor-divider-separator:after{content:none}.elementor-widget-divider--element-align-end .elementor-divider__element{margin-inline-end:0}.elementor-widget-divider:not(.elementor-widget-divider--view-line_text):not(.elementor-widget-divider--view-line_icon) .elementor-divider-separator{border-block-start:var(--divider-border-width) var(--divider-border-style) var(--divider-color)}.elementor-widget-divider--separator-type-pattern{--divider-border-style:none}.elementor-widget-divider--separator-type-pattern.elementor-widget-divider--view-line .elementor-divider-separator,.elementor-widget-divider--separator-type-pattern:not(.elementor-widget-divider--view-line) .elementor-divider-separator:after,.elementor-widget-divider--separator-type-pattern:not(.elementor-widget-divider--view-line) .elementor-divider-separator:before,.elementor-widget-divider--separator-type-pattern:not([class*=elementor-widget-divider--view]) .elementor-divider-separator{width:100%;min-height:var(--divider-pattern-height);-webkit-mask-size:var(--divider-pattern-size) 100%;mask-size:var(--divider-pattern-size) 100%;-webkit-mask-repeat:var(--divider-pattern-repeat);mask-repeat:var(--divider-pattern-repeat);background-color:var(--divider-color);-webkit-mask-image:var(--divider-pattern-url);mask-image:var(--divider-pattern-url)}.elementor-widget-divider--no-spacing{--divider-pattern-size:auto}.elementor-widget-divider--bg-round{--divider-pattern-repeat:round}.rtl .elementor-widget-divider .elementor-divider__text{direction:rtl}.e-con-inner>.elementor-widget-divider,.e-con>.elementor-widget-divider{width:var(--container-widget-width,100%);--flex-grow:var(--container-widget-flex-grow)}<\/style>\t\t<div class=\"elementor-divider\">\n\t\t\t<span class=\"elementor-divider-separator\">\n\t\t\t\t\t\t<\/span>\n\t\t<\/div>\n\t\t\t\t<\/div>\n\t\t\t\t<\/div>\n\t\t\t\t<div class=\"elementor-element elementor-element-c56de32 elementor-widget-divider--view-line elementor-widget elementor-widget-divider\" data-id=\"c56de32\" data-element_type=\"widget\" data-widget_type=\"divider.default\">\n\t\t\t\t<div class=\"elementor-widget-container\">\n\t\t\t\t\t<div class=\"elementor-divider\">\n\t\t\t<span class=\"elementor-divider-separator\">\n\t\t\t\t\t\t<\/span>\n\t\t<\/div>\n\t\t\t\t<\/div>\n\t\t\t\t<\/div>\n\t\t\t\t\t<\/div>\n\t\t<\/div>\n\t\t\t\t\t<\/div>\n\t\t<\/section>\n\t\t\t\t<div class=\"elementor-element elementor-element-481bc6e elementor-widget elementor-widget-heading\" data-id=\"481bc6e\" data-element_type=\"widget\" data-widget_type=\"heading.default\">\n\t\t\t\t<div class=\"elementor-widget-container\">\n\t\t\t<h2 class=\"elementor-heading-title elementor-size-default\">Unsere Geschichte<\/h2>\t\t<\/div>\n\t\t\t\t<\/div>\n\t\t\t\t<div class=\"elementor-element elementor-element-682ecdc elementor-widget elementor-widget-text-editor\" data-id=\"682ecdc\" data-element_type=\"widget\" data-widget_type=\"text-editor.default\">\n\t\t\t\t<div class=\"elementor-widget-container\">\n\t\t\t\t\t\t\t<p>Willkommen bei electrostickers.ch!<\/p>\n<p>Wir entstanden aus der Verschmelzung von technischem Fachwissen und einer gesch\u00e4ftlichen Vision. Bei electrostickers.ch haben wir eine Gelegenheit im Bereich der Solarenergie erkannt. Als Spezialisten f\u00fcr Photovoltaik haben wir einen entscheidenden Bedarf festgestellt: Zuverl\u00e4ssige, den aktuellen NIBT2020-Normen entsprechende technische Aufkleber, die f\u00fcr alle Fachleute der Branche zug\u00e4nglich sind.<\/p>\n<p>So wurde unser Unternehmen ins Leben gerufen, das Ergebnis der Zusammenarbeit zwischen einem leidenschaftlichen Technikspezialisten und einem Vertriebsprofi. Unser Ziel ist einfach: Hochwertige technische Aufkleber zu attraktiven Preisen bereitzustellen.<\/p>\n\t\t\t\t\t\t<\/div>\n\t\t\t\t<\/div>\n\t\t\t\t<div class=\"elementor-element elementor-element-38f23a0 elementor-widget elementor-widget-heading\" data-id=\"38f23a0\" data-element_type=\"widget\" data-widget_type=\"heading.default\">\n\t\t\t\t<div class=\"elementor-widget-container\">\n\t\t\t<h2 class=\"elementor-heading-title elementor-size-default\">Unsere Vision<\/h2>\t\t<\/div>\n\t\t\t\t<\/div>\n\t\t\t\t<div class=\"elementor-element elementor-element-0a65a71 elementor-widget elementor-widget-text-editor\" data-id=\"0a65a71\" data-element_type=\"widget\" data-widget_type=\"text-editor.default\">\n\t\t\t\t<div class=\"elementor-widget-container\">\n\t\t\t\t\t\t\t<p>Bei electrostickers.ch endet unsere Ambition jedoch nicht hier. Wir streben danach, einen Standard zu setzen, die Referenz f\u00fcr technische Aufkleber im Bereich der Photovoltaik zu werden. Um dies zu erreichen, m\u00f6chten wir eng mit den Kontrollbeh\u00f6rden zusammenarbeiten, um die Einheitlichkeit der verwendeten Aufkleber in Bezug auf Design und Platzierung gem\u00e4\u00df den Normen und Zertifizierungen zu gew\u00e4hrleisten.<\/p>\n<p>Wir glauben fest an einen Ansatz, bei dem Qualit\u00e4t, Zug\u00e4nglichkeit und Konformit\u00e4t Hand in Hand gehen. Electrostickers.ch positioniert sich als unverzichtbarer Partner f\u00fcr alle Fachleute im Photovoltaiksektor, indem wir technische Expertise und kommerzielle Exzellenz vereinen, um den spezifischen Bed\u00fcrfnissen Ihres Gesch\u00e4fts gerecht zu werden.<\/p>\n\t\t\t\t\t\t<\/div>\n\t\t\t\t<\/div>\n\t\t\t\t<div class=\"elementor-element elementor-element-736ab68 elementor-align-left elementor-widget elementor-widget-button\" data-id=\"736ab68\" data-element_type=\"widget\" data-widget_type=\"button.default\">\n\t\t\t\t<div class=\"elementor-widget-container\">\n\t\t\t\t\t<div class=\"elementor-button-wrapper\">\n\t\t\t<a class=\"elementor-button elementor-button-link elementor-size-md\" href=\"https:\/\/electrostickers.ch\/de\/kontakt\/\">\n\t\t\t\t\t\t<span class=\"elementor-button-content-wrapper\">\n\t\t\t\t\t\t\t\t\t<span class=\"elementor-button-text\">Kontakt<\/span>\n\t\t\t\t\t<\/span>\n\t\t\t\t\t<\/a>\n\t\t<\/div>\n\t\t\t\t<\/div>\n\t\t\t\t<\/div>\n\t\t\t\t\t<\/div>\n\t\t<\/div>\n\t\t\t\t\t<\/div>\n\t\t<\/section>\n\t\t\t\t<\/div>\n\t\t","protected":false},"excerpt":{"rendered":"<p>Einf\u00fchrung Unsere Geschichte Willkommen bei electrostickers.ch! Wir entstanden aus der Verschmelzung von technischem Fachwissen und einer gesch\u00e4ftlichen Vision. Bei electrostickers.ch haben wir eine Gelegenheit im Bereich der Solarenergie erkannt. Als Spezialisten f\u00fcr Photovoltaik haben wir einen entscheidenden Bedarf festgestellt: Zuverl\u00e4ssige, den aktuellen NIBT2020-Normen entsprechende technische Aufkleber, die f\u00fcr alle Fachleute der Branche zug\u00e4nglich sind. So [&hellip;]<\/p>\n","protected":false},"author":1,"featured_media":0,"parent":0,"menu_order":0,"comment_status":"closed","ping_status":"closed","template":"elementor_header_footer","meta":{"_acf_changed":false,"footnotes":""},"class_list":["post-1431","page","type-page","status-publish","hentry"],"acf":[],"yoast_head":"<!-- This site is optimized with the Yoast SEO plugin v22.8 - https:\/\/yoast.com\/wordpress\/plugins\/seo\/ -->\n<title>\u00dcber uns - electrostickers.ch<\/title>\n<meta name=\"robots\" content=\"index, follow, max-snippet:-1, max-image-preview:large, max-video-preview:-1\" \/>\n<link rel=\"canonical\" href=\"https:\/\/electrostickers.ch\/a-propos-de-nous\/\" \/>\n<meta property=\"og:locale\" content=\"de_DE\" \/>\n<meta property=\"og:type\" content=\"article\" \/>\n<meta property=\"og:title\" content=\"\u00dcber uns - electrostickers.ch\" \/>\n<meta property=\"og:description\" content=\"Einf\u00fchrung Unsere Geschichte Willkommen bei electrostickers.ch! Wir entstanden aus der Verschmelzung von technischem Fachwissen und einer gesch\u00e4ftlichen Vision. Bei electrostickers.ch haben wir eine Gelegenheit im Bereich der Solarenergie erkannt. Als Spezialisten f\u00fcr Photovoltaik haben wir einen entscheidenden Bedarf festgestellt: Zuverl\u00e4ssige, den aktuellen NIBT2020-Normen entsprechende technische Aufkleber, die f\u00fcr alle Fachleute der Branche zug\u00e4nglich sind. So [&hellip;]\" \/>\n<meta property=\"og:url\" content=\"https:\/\/electrostickers.ch\/a-propos-de-nous\/\" \/>\n<meta property=\"og:site_name\" content=\"electrostickers.ch\" \/>\n<meta property=\"article:modified_time\" content=\"2024-02-08T11:36:24+00:00\" \/>\n<meta property=\"og:image\" content=\"https:\/\/electrostickers.ch\/wp-content\/uploads\/2024\/01\/Untitled-design-59.jpg\" \/>\n<meta name=\"twitter:card\" content=\"summary_large_image\" \/>\n<meta name=\"twitter:label1\" content=\"Gesch\u00e4tzte Lesezeit\" \/>\n\t<meta name=\"twitter:data1\" content=\"1\u00a0Minute\" \/>\n<script type=\"application\/ld+json\" class=\"yoast-schema-graph\">{\"@context\":\"https:\/\/schema.org\",\"@graph\":[{\"@type\":\"WebPage\",\"@id\":\"https:\/\/electrostickers.ch\/a-propos-de-nous\/\",\"url\":\"https:\/\/electrostickers.ch\/a-propos-de-nous\/\",\"name\":\"\u00dcber uns - electrostickers.ch\",\"isPartOf\":{\"@id\":\"https:\/\/electrostickers.ch\/#website\"},\"primaryImageOfPage\":{\"@id\":\"https:\/\/electrostickers.ch\/a-propos-de-nous\/#primaryimage\"},\"image\":{\"@id\":\"https:\/\/electrostickers.ch\/a-propos-de-nous\/#primaryimage\"},\"thumbnailUrl\":\"https:\/\/electrostickers.ch\/wp-content\/uploads\/2024\/01\/Untitled-design-59.jpg\",\"datePublished\":\"2024-01-16T14:30:53+00:00\",\"dateModified\":\"2024-02-08T11:36:24+00:00\",\"breadcrumb\":{\"@id\":\"https:\/\/electrostickers.ch\/a-propos-de-nous\/#breadcrumb\"},\"inLanguage\":\"de\",\"potentialAction\":[{\"@type\":\"ReadAction\",\"target\":[\"https:\/\/electrostickers.ch\/a-propos-de-nous\/\"]}]},{\"@type\":\"ImageObject\",\"inLanguage\":\"de\",\"@id\":\"https:\/\/electrostickers.ch\/a-propos-de-nous\/#primaryimage\",\"url\":\"https:\/\/electrostickers.ch\/wp-content\/uploads\/2024\/01\/Untitled-design-59.jpg\",\"contentUrl\":\"https:\/\/electrostickers.ch\/wp-content\/uploads\/2024\/01\/Untitled-design-59.jpg\"},{\"@type\":\"BreadcrumbList\",\"@id\":\"https:\/\/electrostickers.ch\/a-propos-de-nous\/#breadcrumb\",\"itemListElement\":[{\"@type\":\"ListItem\",\"position\":1,\"name\":\"Accueil\",\"item\":\"https:\/\/electrostickers.ch\/\"},{\"@type\":\"ListItem\",\"position\":2,\"name\":\"\u00dcber uns\"}]},{\"@type\":\"WebSite\",\"@id\":\"https:\/\/electrostickers.ch\/#website\",\"url\":\"https:\/\/electrostickers.ch\/\",\"name\":\"electrostickers.ch\",\"description\":\"\",\"potentialAction\":[{\"@type\":\"SearchAction\",\"target\":{\"@type\":\"EntryPoint\",\"urlTemplate\":\"https:\/\/electrostickers.ch\/?s={search_term_string}\"},\"query-input\":\"required name=search_term_string\"}],\"inLanguage\":\"de\"}]}<\/script>\n<!-- \/ Yoast SEO plugin. -->","yoast_head_json":{"title":"\u00dcber uns - electrostickers.ch","robots":{"index":"index","follow":"follow","max-snippet":"max-snippet:-1","max-image-preview":"max-image-preview:large","max-video-preview":"max-video-preview:-1"},"canonical":"https:\/\/electrostickers.ch\/a-propos-de-nous\/","og_locale":"de_DE","og_type":"article","og_title":"\u00dcber uns - electrostickers.ch","og_description":"Einf\u00fchrung Unsere Geschichte Willkommen bei electrostickers.ch! Wir entstanden aus der Verschmelzung von technischem Fachwissen und einer gesch\u00e4ftlichen Vision. Bei electrostickers.ch haben wir eine Gelegenheit im Bereich der Solarenergie erkannt. Als Spezialisten f\u00fcr Photovoltaik haben wir einen entscheidenden Bedarf festgestellt: Zuverl\u00e4ssige, den aktuellen NIBT2020-Normen entsprechende technische Aufkleber, die f\u00fcr alle Fachleute der Branche zug\u00e4nglich sind. So [&hellip;]","og_url":"https:\/\/electrostickers.ch\/a-propos-de-nous\/","og_site_name":"electrostickers.ch","article_modified_time":"2024-02-08T11:36:24+00:00","og_image":[{"url":"https:\/\/electrostickers.ch\/wp-content\/uploads\/2024\/01\/Untitled-design-59.jpg"}],"twitter_card":"summary_large_image","twitter_misc":{"Gesch\u00e4tzte Lesezeit":"1\u00a0Minute"},"schema":{"@context":"https:\/\/schema.org","@graph":[{"@type":"WebPage","@id":"https:\/\/electrostickers.ch\/a-propos-de-nous\/","url":"https:\/\/electrostickers.ch\/a-propos-de-nous\/","name":"\u00dcber uns - electrostickers.ch","isPartOf":{"@id":"https:\/\/electrostickers.ch\/#website"},"primaryImageOfPage":{"@id":"https:\/\/electrostickers.ch\/a-propos-de-nous\/#primaryimage"},"image":{"@id":"https:\/\/electrostickers.ch\/a-propos-de-nous\/#primaryimage"},"thumbnailUrl":"https:\/\/electrostickers.ch\/wp-content\/uploads\/2024\/01\/Untitled-design-59.jpg","datePublished":"2024-01-16T14:30:53+00:00","dateModified":"2024-02-08T11:36:24+00:00","breadcrumb":{"@id":"https:\/\/electrostickers.ch\/a-propos-de-nous\/#breadcrumb"},"inLanguage":"de","potentialAction":[{"@type":"ReadAction","target":["https:\/\/electrostickers.ch\/a-propos-de-nous\/"]}]},{"@type":"ImageObject","inLanguage":"de","@id":"https:\/\/electrostickers.ch\/a-propos-de-nous\/#primaryimage","url":"https:\/\/electrostickers.ch\/wp-content\/uploads\/2024\/01\/Untitled-design-59.jpg","contentUrl":"https:\/\/electrostickers.ch\/wp-content\/uploads\/2024\/01\/Untitled-design-59.jpg"},{"@type":"BreadcrumbList","@id":"https:\/\/electrostickers.ch\/a-propos-de-nous\/#breadcrumb","itemListElement":[{"@type":"ListItem","position":1,"name":"Accueil","item":"https:\/\/electrostickers.ch\/"},{"@type":"ListItem","position":2,"name":"\u00dcber uns"}]},{"@type":"WebSite","@id":"https:\/\/electrostickers.ch\/#website","url":"https:\/\/electrostickers.ch\/","name":"electrostickers.ch","description":"","potentialAction":[{"@type":"SearchAction","target":{"@type":"EntryPoint","urlTemplate":"https:\/\/electrostickers.ch\/?s={search_term_string}"},"query-input":"required name=search_term_string"}],"inLanguage":"de"}]}},"_links":{"self":[{"href":"https:\/\/electrostickers.ch\/de\/wp-json\/wp\/v2\/pages\/1431","targetHints":{"allow":["GET"]}}],"collection":[{"href":"https:\/\/electrostickers.ch\/de\/wp-json\/wp\/v2\/pages"}],"about":[{"href":"https:\/\/electrostickers.ch\/de\/wp-json\/wp\/v2\/types\/page"}],"author":[{"embeddable":true,"href":"https:\/\/electrostickers.ch\/de\/wp-json\/wp\/v2\/users\/1"}],"replies":[{"embeddable":true,"href":"https:\/\/electrostickers.ch\/de\/wp-json\/wp\/v2\/comments?post=1431"}],"version-history":[{"count":8,"href":"https:\/\/electrostickers.ch\/de\/wp-json\/wp\/v2\/pages\/1431\/revisions"}],"predecessor-version":[{"id":2581,"href":"https:\/\/electrostickers.ch\/de\/wp-json\/wp\/v2\/pages\/1431\/revisions\/2581"}],"wp:attachment":[{"href":"https:\/\/electrostickers.ch\/de\/wp-json\/wp\/v2\/media?parent=1431"}],"curies":[{"name":"wp","href":"https:\/\/api.w.org\/{rel}","templated":true}]}}