{"id":2,"date":"2023-11-30T16:30:30","date_gmt":"2023-11-30T16:30:30","guid":{"rendered":"https:\/\/electrostickers.ch\/?page_id=2"},"modified":"2024-04-24T10:32:55","modified_gmt":"2024-04-24T10:32:55","slug":"legal-information","status":"publish","type":"page","link":"https:\/\/electrostickers.ch\/en\/legal-information\/","title":{"rendered":"Legal information"},"content":{"rendered":"\t\t<div data-elementor-type=\"wp-page\" data-elementor-id=\"2\" class=\"elementor elementor-2\" data-elementor-post-type=\"page\">\n\t\t\t\t\t\t<section class=\"elementor-section elementor-top-section elementor-element elementor-element-0b6fc43 elementor-section-full_width elementor-section-height-default elementor-section-height-default\" data-id=\"0b6fc43\" data-element_type=\"section\">\n\t\t\t\t\t\t<div class=\"elementor-container elementor-column-gap-default\">\n\t\t\t\t\t<div class=\"elementor-column elementor-col-100 elementor-top-column elementor-element elementor-element-49ca051\" data-id=\"49ca051\" data-element_type=\"column\">\n\t\t\t<div class=\"elementor-widget-wrap elementor-element-populated\">\n\t\t\t\t\t\t<div class=\"elementor-element elementor-element-24d322c elementor-widget elementor-widget-text-editor\" data-id=\"24d322c\" data-element_type=\"widget\" data-widget_type=\"text-editor.default\">\n\t\t\t\t<div class=\"elementor-widget-container\">\n\t\t\t<style>\/*! elementor - v3.22.0 - 17-06-2024 *\/\n.elementor-widget-text-editor.elementor-drop-cap-view-stacked .elementor-drop-cap{background-color:#69727d;color:#fff}.elementor-widget-text-editor.elementor-drop-cap-view-framed .elementor-drop-cap{color:#69727d;border:3px solid;background-color:transparent}.elementor-widget-text-editor:not(.elementor-drop-cap-view-default) .elementor-drop-cap{margin-top:8px}.elementor-widget-text-editor:not(.elementor-drop-cap-view-default) .elementor-drop-cap-letter{width:1em;height:1em}.elementor-widget-text-editor .elementor-drop-cap{float:left;text-align:center;line-height:1;font-size:50px}.elementor-widget-text-editor .elementor-drop-cap-letter{display:inline-block}<\/style>\t\t\t\t\t\t<div data-elementor-type=\"section\" data-elementor-id=\"142\" class=\"elementor elementor-142\" data-elementor-post-type=\"elementor_library\">\n\t\t\t\t\t<section class=\"elementor-section elementor-top-section elementor-element elementor-element-170a906b elementor-section-boxed elementor-section-height-default elementor-section-height-default\" data-id=\"170a906b\" data-element_type=\"section\" data-settings=\"{&quot;background_background&quot;:&quot;classic&quot;}\">\n\t\t\t\t\t\t\t<div class=\"elementor-background-overlay\"><\/div>\n\t\t\t\t\t\t\t<div class=\"elementor-container elementor-column-gap-default\">\n\t\t\t\t\t<div class=\"elementor-column elementor-col-100 elementor-top-column elementor-element elementor-element-17b5c411\" data-id=\"17b5c411\" data-element_type=\"column\">\n\t\t\t<div class=\"elementor-widget-wrap elementor-element-populated\">\n\t\t\t\t\t\t<div class=\"elementor-element elementor-element-5ed2e5e9 elementor-widget elementor-widget-heading\" data-id=\"5ed2e5e9\" data-element_type=\"widget\" data-widget_type=\"heading.default\">\n\t\t\t\t<div class=\"elementor-widget-container\">\n\t\t\t<style>\/*! elementor - v3.22.0 - 17-06-2024 *\/\n.elementor-heading-title{padding:0;margin:0;line-height:1}.elementor-widget-heading .elementor-heading-title[class*=elementor-size-]>a{color:inherit;font-size:inherit;line-height:inherit}.elementor-widget-heading .elementor-heading-title.elementor-size-small{font-size:15px}.elementor-widget-heading .elementor-heading-title.elementor-size-medium{font-size:19px}.elementor-widget-heading .elementor-heading-title.elementor-size-large{font-size:29px}.elementor-widget-heading .elementor-heading-title.elementor-size-xl{font-size:39px}.elementor-widget-heading .elementor-heading-title.elementor-size-xxl{font-size:59px}<\/style><h2 class=\"elementor-heading-title elementor-size-default\">Legal information<\/h2>\t\t<\/div>\n\t\t\t\t<\/div>\n\t\t\t\t<div class=\"elementor-element elementor-element-2310403f elementor-icon-list--layout-inline elementor-widget__width-auto elementor-list-item-link-full_width elementor-widget elementor-widget-icon-list\" data-id=\"2310403f\" data-element_type=\"widget\" data-widget_type=\"icon-list.default\">\n\t\t\t\t<div class=\"elementor-widget-container\">\n\t\t\t<link rel=\"stylesheet\" href=\"https:\/\/electrostickers.ch\/wp-content\/uploads\/elementor\/css\/custom-widget-icon-list.min.css?ver=1726876168\">\t\t<ul class=\"elementor-icon-list-items elementor-inline-items\">\n\t\t\t\t\t\t\t<li class=\"elementor-icon-list-item elementor-inline-item\">\n\t\t\t\t\t\t\t\t\t\t\t<a href=\"https:\/\/electrostickers.ch\/en\/\">\n\n\t\t\t\t\t\t\t\t\t\t\t<span class=\"elementor-icon-list-text\">Home<\/span>\n\t\t\t\t\t\t\t\t\t\t\t<\/a>\n\t\t\t\t\t\t\t\t\t<\/li>\n\t\t\t\t\t\t\t\t<li class=\"elementor-icon-list-item elementor-inline-item\">\n\t\t\t\t\t\t\t\t\t\t\t<span class=\"elementor-icon-list-icon\">\n\t\t\t\t\t\t\t<i aria-hidden=\"true\" class=\"icons icon-arrow-right\"><\/i>\t\t\t\t\t\t<\/span>\n\t\t\t\t\t\t\t\t\t\t<span class=\"elementor-icon-list-text\"><\/span>\n\t\t\t\t\t\t\t\t\t<\/li>\n\t\t\t\t\t\t\t\t<li class=\"elementor-icon-list-item elementor-inline-item\">\n\t\t\t\t\t\t\t\t\t\t<span class=\"elementor-icon-list-text\">Legal information<\/span>\n\t\t\t\t\t\t\t\t\t<\/li>\n\t\t\t\t\t\t<\/ul>\n\t\t\t\t<\/div>\n\t\t\t\t<\/div>\n\t\t\t\t\t<\/div>\n\t\t<\/div>\n\t\t\t\t\t<\/div>\n\t\t<\/section>\n\t\t\t\t<\/div>\n\t\t\t\t\t\t\t\t<\/div>\n\t\t\t\t<\/div>\n\t\t\t\t\t<\/div>\n\t\t<\/div>\n\t\t\t\t\t<\/div>\n\t\t<\/section>\n\t\t\t\t<section class=\"elementor-section elementor-top-section elementor-element elementor-element-ad8c812 anchor_design elementor-section-boxed elementor-section-height-default elementor-section-height-default\" data-id=\"ad8c812\" data-element_type=\"section\">\n\t\t\t\t\t\t<div class=\"elementor-container elementor-column-gap-default\">\n\t\t\t\t\t<div class=\"elementor-column elementor-col-100 elementor-top-column elementor-element elementor-element-afabe23\" data-id=\"afabe23\" data-element_type=\"column\">\n\t\t\t<div class=\"elementor-widget-wrap elementor-element-populated\">\n\t\t\t\t\t\t<div class=\"elementor-element elementor-element-d9a791b elementor-widget elementor-widget-text-editor\" data-id=\"d9a791b\" data-element_type=\"widget\" data-widget_type=\"text-editor.default\">\n\t\t\t\t<div class=\"elementor-widget-container\">\n\t\t\t\t\t\t\t<p><strong>Company name :<\/strong> Electrostickers.ch SNC<\/p>\n<p><strong>Legal form :<\/strong> Soci\u00e9t\u00e9 en nom collectif<br><\/p>\n<p><strong>Address :<\/strong> Electrostickers.ch SNC, Ruelle du Rocher 10, 1635 La Tour-de-Tr\u00eame<br><\/p>\n<p><strong>Telephone :<\/strong> <a href=\"http:\/\/tel+41795315436\" data-wplink-url-error=\"true\">+41 79 531 54 36<\/a><\/p>\n<p><strong>E-mail :<\/strong> <a href=\"mailto:info@electrostickers.ch\">info@electrostickers.ch<\/a><\/p>\n<p><strong>Director of the publication :<\/strong> Mathias Esseiva<\/p>\n<p><strong>Terms and conditions of sale :<\/strong> The terms and conditions of sale can be viewed on our website or obtained upon request to the above email address.<\/p>\n<p><strong>Privacy Policy :<\/strong> Information about our privacy policy can be found on our website.<\/p>\n<p><strong>Intellectual Property :<\/strong> All content on this website, including text, images, graphics, logos and trademarks, is the exclusive property of Electrostickers.ch SNC and is protected by Swiss and international intellectual property laws.<\/p>\n<p><strong>Applicable law and jurisdiction :<\/strong> Any dispute arising from the use of this website shall be governed by Swiss law and subject to the exclusive jurisdiction of the courts of Fribourg, Switzerland.<\/p>\t\t\t\t\t\t<\/div>\n\t\t\t\t<\/div>\n\t\t\t\t\t<\/div>\n\t\t<\/div>\n\t\t\t\t\t<\/div>\n\t\t<\/section>\n\t\t\t\t<section class=\"elementor-section elementor-top-section elementor-element elementor-element-087b902 elementor-section-boxed elementor-section-height-default elementor-section-height-default\" data-id=\"087b902\" data-element_type=\"section\">\n\t\t\t\t\t\t<div class=\"elementor-container elementor-column-gap-default\">\n\t\t\t\t\t<div class=\"elementor-column elementor-col-33 elementor-top-column elementor-element elementor-element-833cb0d\" data-id=\"833cb0d\" data-element_type=\"column\">\n\t\t\t<div class=\"elementor-widget-wrap elementor-element-populated\">\n\t\t\t\t\t\t<div class=\"elementor-element elementor-element-e6ea339 elementor-widget elementor-widget-button\" data-id=\"e6ea339\" data-element_type=\"widget\" data-widget_type=\"button.default\">\n\t\t\t\t<div class=\"elementor-widget-container\">\n\t\t\t\t\t<div class=\"elementor-button-wrapper\">\n\t\t\t<a class=\"elementor-button elementor-button-link elementor-size-md\" href=\"https:\/\/electrostickers.ch\/en\/\">\n\t\t\t\t\t\t<span class=\"elementor-button-content-wrapper\">\n\t\t\t\t\t\t\t\t\t<span class=\"elementor-button-text\">Go to the home page<\/span>\n\t\t\t\t\t<\/span>\n\t\t\t\t\t<\/a>\n\t\t<\/div>\n\t\t\t\t<\/div>\n\t\t\t\t<\/div>\n\t\t\t\t\t<\/div>\n\t\t<\/div>\n\t\t\t\t<div class=\"elementor-column elementor-col-33 elementor-top-column elementor-element elementor-element-06dce67\" data-id=\"06dce67\" data-element_type=\"column\">\n\t\t\t<div class=\"elementor-widget-wrap elementor-element-populated\">\n\t\t\t\t\t\t<div class=\"elementor-element elementor-element-21d92b1 elementor-widget elementor-widget-button\" data-id=\"21d92b1\" data-element_type=\"widget\" data-widget_type=\"button.default\">\n\t\t\t\t<div class=\"elementor-widget-container\">\n\t\t\t\t\t<div class=\"elementor-button-wrapper\">\n\t\t\t<a class=\"elementor-button elementor-button-link elementor-size-md\" href=\"\/en\/shop-now\/\">\n\t\t\t\t\t\t<span class=\"elementor-button-content-wrapper\">\n\t\t\t\t\t\t\t\t\t<span class=\"elementor-button-text\">Visit our catalog<\/span>\n\t\t\t\t\t<\/span>\n\t\t\t\t\t<\/a>\n\t\t<\/div>\n\t\t\t\t<\/div>\n\t\t\t\t<\/div>\n\t\t\t\t\t<\/div>\n\t\t<\/div>\n\t\t\t\t<div class=\"elementor-column elementor-col-33 elementor-top-column elementor-element elementor-element-71ba3de\" data-id=\"71ba3de\" data-element_type=\"column\">\n\t\t\t<div class=\"elementor-widget-wrap elementor-element-populated\">\n\t\t\t\t\t\t<div class=\"elementor-element elementor-element-e07375c elementor-widget elementor-widget-button\" data-id=\"e07375c\" data-element_type=\"widget\" data-widget_type=\"button.default\">\n\t\t\t\t<div class=\"elementor-widget-container\">\n\t\t\t\t\t<div class=\"elementor-button-wrapper\">\n\t\t\t<a class=\"elementor-button elementor-button-link elementor-size-md\" href=\"https:\/\/electrostickers.ch\/en\/contact\/\">\n\t\t\t\t\t\t<span class=\"elementor-button-content-wrapper\">\n\t\t\t\t\t\t\t\t\t<span class=\"elementor-button-text\">Contact us<\/span>\n\t\t\t\t\t<\/span>\n\t\t\t\t\t<\/a>\n\t\t<\/div>\n\t\t\t\t<\/div>\n\t\t\t\t<\/div>\n\t\t\t\t\t<\/div>\n\t\t<\/div>\n\t\t\t\t\t<\/div>\n\t\t<\/section>\n\t\t\t\t<\/div>\n\t\t","protected":false},"excerpt":{"rendered":"<p>Company name : Electrostickers.ch SNC Legal form : Soci\u00e9t\u00e9 en nom collectif Address : Electrostickers.ch SNC, Ruelle du Rocher 10, 1635 La Tour-de-Tr\u00eame Telephone : +41 79 531 54 36 E-mail : info@electrostickers.ch Director of the publication : Mathias Esseiva Terms and conditions of sale : The terms and conditions of sale can be viewed [&hellip;]<\/p>\n","protected":false},"author":1,"featured_media":0,"parent":0,"menu_order":0,"comment_status":"closed","ping_status":"closed","template":"elementor_header_footer","meta":{"_acf_changed":false,"footnotes":""},"class_list":["post-2","page","type-page","status-publish","hentry"],"acf":[],"yoast_head":"<!-- This site is optimized with the Yoast SEO plugin v22.8 - https:\/\/yoast.com\/wordpress\/plugins\/seo\/ -->\n<title>Legal information - electrostickers.ch<\/title>\n<meta name=\"robots\" content=\"index, follow, max-snippet:-1, max-image-preview:large, max-video-preview:-1\" \/>\n<link rel=\"canonical\" href=\"https:\/\/electrostickers.ch\/en\/legal-information\/\" \/>\n<meta property=\"og:locale\" content=\"en_US\" \/>\n<meta property=\"og:type\" content=\"article\" \/>\n<meta property=\"og:title\" content=\"Legal information - electrostickers.ch\" \/>\n<meta property=\"og:description\" content=\"Company name : Electrostickers.ch SNC Legal form : Soci\u00e9t\u00e9 en nom collectif Address : Electrostickers.ch SNC, Ruelle du Rocher 10, 1635 La Tour-de-Tr\u00eame Telephone : +41 79 531 54 36 E-mail : info@electrostickers.ch Director of the publication : Mathias Esseiva Terms and conditions of sale : The terms and conditions of sale can be viewed [&hellip;]\" \/>\n<meta property=\"og:url\" content=\"https:\/\/electrostickers.ch\/en\/legal-information\/\" \/>\n<meta property=\"og:site_name\" content=\"electrostickers.ch\" \/>\n<meta property=\"article:modified_time\" content=\"2024-04-24T10:32:55+00:00\" \/>\n<meta name=\"twitter:card\" content=\"summary_large_image\" \/>\n<meta name=\"twitter:label1\" content=\"Est. reading time\" \/>\n\t<meta name=\"twitter:data1\" content=\"1 minute\" \/>\n<script type=\"application\/ld+json\" class=\"yoast-schema-graph\">{\"@context\":\"https:\/\/schema.org\",\"@graph\":[{\"@type\":\"WebPage\",\"@id\":\"https:\/\/electrostickers.ch\/en\/legal-information\/\",\"url\":\"https:\/\/electrostickers.ch\/en\/legal-information\/\",\"name\":\"Legal information - electrostickers.ch\",\"isPartOf\":{\"@id\":\"https:\/\/electrostickers.ch\/#website\"},\"datePublished\":\"2023-11-30T16:30:30+00:00\",\"dateModified\":\"2024-04-24T10:32:55+00:00\",\"breadcrumb\":{\"@id\":\"https:\/\/electrostickers.ch\/en\/legal-information\/#breadcrumb\"},\"inLanguage\":\"en-US\",\"potentialAction\":[{\"@type\":\"ReadAction\",\"target\":[\"https:\/\/electrostickers.ch\/en\/legal-information\/\"]}]},{\"@type\":\"BreadcrumbList\",\"@id\":\"https:\/\/electrostickers.ch\/en\/legal-information\/#breadcrumb\",\"itemListElement\":[{\"@type\":\"ListItem\",\"position\":1,\"name\":\"Accueil\",\"item\":\"https:\/\/electrostickers.ch\/\"},{\"@type\":\"ListItem\",\"position\":2,\"name\":\"Legal information\"}]},{\"@type\":\"WebSite\",\"@id\":\"https:\/\/electrostickers.ch\/#website\",\"url\":\"https:\/\/electrostickers.ch\/\",\"name\":\"electrostickers.ch\",\"description\":\"\",\"potentialAction\":[{\"@type\":\"SearchAction\",\"target\":{\"@type\":\"EntryPoint\",\"urlTemplate\":\"https:\/\/electrostickers.ch\/?s={search_term_string}\"},\"query-input\":\"required name=search_term_string\"}],\"inLanguage\":\"en-US\"}]}<\/script>\n<!-- \/ Yoast SEO plugin. -->","yoast_head_json":{"title":"Legal information - electrostickers.ch","robots":{"index":"index","follow":"follow","max-snippet":"max-snippet:-1","max-image-preview":"max-image-preview:large","max-video-preview":"max-video-preview:-1"},"canonical":"https:\/\/electrostickers.ch\/en\/legal-information\/","og_locale":"en_US","og_type":"article","og_title":"Legal information - electrostickers.ch","og_description":"Company name : Electrostickers.ch SNC Legal form : Soci\u00e9t\u00e9 en nom collectif Address : Electrostickers.ch SNC, Ruelle du Rocher 10, 1635 La Tour-de-Tr\u00eame Telephone : +41 79 531 54 36 E-mail : info@electrostickers.ch Director of the publication : Mathias Esseiva Terms and conditions of sale : The terms and conditions of sale can be viewed [&hellip;]","og_url":"https:\/\/electrostickers.ch\/en\/legal-information\/","og_site_name":"electrostickers.ch","article_modified_time":"2024-04-24T10:32:55+00:00","twitter_card":"summary_large_image","twitter_misc":{"Est. reading time":"1 minute"},"schema":{"@context":"https:\/\/schema.org","@graph":[{"@type":"WebPage","@id":"https:\/\/electrostickers.ch\/en\/legal-information\/","url":"https:\/\/electrostickers.ch\/en\/legal-information\/","name":"Legal information - electrostickers.ch","isPartOf":{"@id":"https:\/\/electrostickers.ch\/#website"},"datePublished":"2023-11-30T16:30:30+00:00","dateModified":"2024-04-24T10:32:55+00:00","breadcrumb":{"@id":"https:\/\/electrostickers.ch\/en\/legal-information\/#breadcrumb"},"inLanguage":"en-US","potentialAction":[{"@type":"ReadAction","target":["https:\/\/electrostickers.ch\/en\/legal-information\/"]}]},{"@type":"BreadcrumbList","@id":"https:\/\/electrostickers.ch\/en\/legal-information\/#breadcrumb","itemListElement":[{"@type":"ListItem","position":1,"name":"Accueil","item":"https:\/\/electrostickers.ch\/"},{"@type":"ListItem","position":2,"name":"Legal information"}]},{"@type":"WebSite","@id":"https:\/\/electrostickers.ch\/#website","url":"https:\/\/electrostickers.ch\/","name":"electrostickers.ch","description":"","potentialAction":[{"@type":"SearchAction","target":{"@type":"EntryPoint","urlTemplate":"https:\/\/electrostickers.ch\/?s={search_term_string}"},"query-input":"required name=search_term_string"}],"inLanguage":"en-US"}]}},"_links":{"self":[{"href":"https:\/\/electrostickers.ch\/en\/wp-json\/wp\/v2\/pages\/2","targetHints":{"allow":["GET"]}}],"collection":[{"href":"https:\/\/electrostickers.ch\/en\/wp-json\/wp\/v2\/pages"}],"about":[{"href":"https:\/\/electrostickers.ch\/en\/wp-json\/wp\/v2\/types\/page"}],"author":[{"embeddable":true,"href":"https:\/\/electrostickers.ch\/en\/wp-json\/wp\/v2\/users\/1"}],"replies":[{"embeddable":true,"href":"https:\/\/electrostickers.ch\/en\/wp-json\/wp\/v2\/comments?post=2"}],"version-history":[{"count":23,"href":"https:\/\/electrostickers.ch\/en\/wp-json\/wp\/v2\/pages\/2\/revisions"}],"predecessor-version":[{"id":2826,"href":"https:\/\/electrostickers.ch\/en\/wp-json\/wp\/v2\/pages\/2\/revisions\/2826"}],"wp:attachment":[{"href":"https:\/\/electrostickers.ch\/en\/wp-json\/wp\/v2\/media?parent=2"}],"curies":[{"name":"wp","href":"https:\/\/api.w.org\/{rel}","templated":true}]}}