{"id":327,"date":"2024-01-04T12:49:57","date_gmt":"2024-01-04T12:49:57","guid":{"rendered":"https:\/\/electrostickers.ch\/?post_type=product&#038;p=327"},"modified":"2024-02-12T19:58:32","modified_gmt":"2024-02-12T19:58:32","slug":"att-refoulement-acht-ruck-att-fatt","status":"publish","type":"product","link":"https:\/\/electrostickers.ch\/en\/product\/att-refoulement-acht-ruck-att-fatt\/","title":{"rendered":"Att. refoulement, Acht. R\u00fcck., Att. fatt."},"content":{"rendered":"<p>FR : Sticker \u00e0 placer sur le tableau \u00e9lectrique<br \/>\nDE : Sticker zur Anbringung am Stromverteilerkasten<br \/>\nIT : Adesivo da applicare sul quadro elettrico<\/p>\n","protected":false},"excerpt":{"rendered":"<p>Dimensions \/ Grosse \/ Dimensione : 95 x 55 mm<\/p>\n","protected":false},"featured_media":328,"template":"","meta":{"_acf_changed":false},"product_cat":[23],"product_tag":[],"class_list":{"0":"post-327","1":"product","2":"type-product","3":"status-publish","4":"has-post-thumbnail","6":"product_cat-various","8":"first","9":"instock","10":"shipping-taxable","11":"purchasable","12":"product-type-simple"},"acf":[],"yoast_head":"<!-- This site is optimized with the Yoast SEO plugin v22.8 - https:\/\/yoast.com\/wordpress\/plugins\/seo\/ -->\n<title>Att. refoulement, Acht. R\u00fcck., Att. fatt. - electrostickers.ch<\/title>\n<meta name=\"robots\" content=\"index, follow, max-snippet:-1, max-image-preview:large, max-video-preview:-1\" \/>\n<link rel=\"canonical\" href=\"https:\/\/electrostickers.ch\/en\/product\/att-refoulement-acht-ruck-att-fatt\/\" \/>\n<meta property=\"og:locale\" content=\"en_US\" \/>\n<meta property=\"og:type\" content=\"article\" \/>\n<meta property=\"og:title\" content=\"Att. refoulement, Acht. R\u00fcck., Att. fatt. - electrostickers.ch\" \/>\n<meta property=\"og:description\" content=\"Dimensions \/ Grosse \/ Dimensione : 95 x 55 mm\" \/>\n<meta property=\"og:url\" content=\"https:\/\/electrostickers.ch\/en\/product\/att-refoulement-acht-ruck-att-fatt\/\" \/>\n<meta property=\"og:site_name\" content=\"electrostickers.ch\" \/>\n<meta property=\"article:modified_time\" content=\"2024-02-12T19:58:32+00:00\" \/>\n<meta property=\"og:image\" content=\"https:\/\/electrostickers.ch\/wp-content\/uploads\/2024\/01\/Attention-1.png\" \/>\n\t<meta property=\"og:image:width\" content=\"1500\" \/>\n\t<meta property=\"og:image:height\" content=\"1500\" \/>\n\t<meta property=\"og:image:type\" content=\"image\/png\" \/>\n<meta name=\"twitter:card\" content=\"summary_large_image\" \/>\n<meta name=\"twitter:label1\" content=\"Est. reading time\" \/>\n\t<meta name=\"twitter:data1\" content=\"1 minute\" \/>\n<script type=\"application\/ld+json\" class=\"yoast-schema-graph\">{\"@context\":\"https:\/\/schema.org\",\"@graph\":[{\"@type\":\"WebPage\",\"@id\":\"https:\/\/electrostickers.ch\/en\/product\/att-refoulement-acht-ruck-att-fatt\/\",\"url\":\"https:\/\/electrostickers.ch\/en\/product\/att-refoulement-acht-ruck-att-fatt\/\",\"name\":\"Att. refoulement, Acht. R\u00fcck., Att. fatt. - electrostickers.ch\",\"isPartOf\":{\"@id\":\"https:\/\/electrostickers.ch\/#website\"},\"primaryImageOfPage\":{\"@id\":\"https:\/\/electrostickers.ch\/en\/product\/att-refoulement-acht-ruck-att-fatt\/#primaryimage\"},\"image\":{\"@id\":\"https:\/\/electrostickers.ch\/en\/product\/att-refoulement-acht-ruck-att-fatt\/#primaryimage\"},\"thumbnailUrl\":\"https:\/\/electrostickers.ch\/wp-content\/uploads\/2024\/01\/Attention-1.png\",\"datePublished\":\"2024-01-04T12:49:57+00:00\",\"dateModified\":\"2024-02-12T19:58:32+00:00\",\"breadcrumb\":{\"@id\":\"https:\/\/electrostickers.ch\/en\/product\/att-refoulement-acht-ruck-att-fatt\/#breadcrumb\"},\"inLanguage\":\"en-US\",\"potentialAction\":[{\"@type\":\"ReadAction\",\"target\":[\"https:\/\/electrostickers.ch\/en\/product\/att-refoulement-acht-ruck-att-fatt\/\"]}]},{\"@type\":\"ImageObject\",\"inLanguage\":\"en-US\",\"@id\":\"https:\/\/electrostickers.ch\/en\/product\/att-refoulement-acht-ruck-att-fatt\/#primaryimage\",\"url\":\"https:\/\/electrostickers.ch\/wp-content\/uploads\/2024\/01\/Attention-1.png\",\"contentUrl\":\"https:\/\/electrostickers.ch\/wp-content\/uploads\/2024\/01\/Attention-1.png\",\"width\":1500,\"height\":1500},{\"@type\":\"BreadcrumbList\",\"@id\":\"https:\/\/electrostickers.ch\/en\/product\/att-refoulement-acht-ruck-att-fatt\/#breadcrumb\",\"itemListElement\":[{\"@type\":\"ListItem\",\"position\":1,\"name\":\"Accueil\",\"item\":\"https:\/\/electrostickers.ch\/\"},{\"@type\":\"ListItem\",\"position\":2,\"name\":\"Shop Now\",\"item\":\"https:\/\/electrostickers.ch\/en\/shop-now\/\"},{\"@type\":\"ListItem\",\"position\":3,\"name\":\"Att. refoulement, Acht. R\u00fcck., Att. fatt.\"}]},{\"@type\":\"WebSite\",\"@id\":\"https:\/\/electrostickers.ch\/#website\",\"url\":\"https:\/\/electrostickers.ch\/\",\"name\":\"electrostickers.ch\",\"description\":\"\",\"potentialAction\":[{\"@type\":\"SearchAction\",\"target\":{\"@type\":\"EntryPoint\",\"urlTemplate\":\"https:\/\/electrostickers.ch\/?s={search_term_string}\"},\"query-input\":\"required name=search_term_string\"}],\"inLanguage\":\"en-US\"}]}<\/script>\n<!-- \/ Yoast SEO plugin. -->","yoast_head_json":{"title":"Att. refoulement, Acht. R\u00fcck., Att. fatt. - electrostickers.ch","robots":{"index":"index","follow":"follow","max-snippet":"max-snippet:-1","max-image-preview":"max-image-preview:large","max-video-preview":"max-video-preview:-1"},"canonical":"https:\/\/electrostickers.ch\/en\/product\/att-refoulement-acht-ruck-att-fatt\/","og_locale":"en_US","og_type":"article","og_title":"Att. refoulement, Acht. R\u00fcck., Att. fatt. - electrostickers.ch","og_description":"Dimensions \/ Grosse \/ Dimensione : 95 x 55 mm","og_url":"https:\/\/electrostickers.ch\/en\/product\/att-refoulement-acht-ruck-att-fatt\/","og_site_name":"electrostickers.ch","article_modified_time":"2024-02-12T19:58:32+00:00","og_image":[{"width":1500,"height":1500,"url":"https:\/\/electrostickers.ch\/wp-content\/uploads\/2024\/01\/Attention-1.png","type":"image\/png"}],"twitter_card":"summary_large_image","twitter_misc":{"Est. reading time":"1 minute"},"schema":{"@context":"https:\/\/schema.org","@graph":[{"@type":"WebPage","@id":"https:\/\/electrostickers.ch\/en\/product\/att-refoulement-acht-ruck-att-fatt\/","url":"https:\/\/electrostickers.ch\/en\/product\/att-refoulement-acht-ruck-att-fatt\/","name":"Att. refoulement, Acht. R\u00fcck., Att. fatt. - electrostickers.ch","isPartOf":{"@id":"https:\/\/electrostickers.ch\/#website"},"primaryImageOfPage":{"@id":"https:\/\/electrostickers.ch\/en\/product\/att-refoulement-acht-ruck-att-fatt\/#primaryimage"},"image":{"@id":"https:\/\/electrostickers.ch\/en\/product\/att-refoulement-acht-ruck-att-fatt\/#primaryimage"},"thumbnailUrl":"https:\/\/electrostickers.ch\/wp-content\/uploads\/2024\/01\/Attention-1.png","datePublished":"2024-01-04T12:49:57+00:00","dateModified":"2024-02-12T19:58:32+00:00","breadcrumb":{"@id":"https:\/\/electrostickers.ch\/en\/product\/att-refoulement-acht-ruck-att-fatt\/#breadcrumb"},"inLanguage":"en-US","potentialAction":[{"@type":"ReadAction","target":["https:\/\/electrostickers.ch\/en\/product\/att-refoulement-acht-ruck-att-fatt\/"]}]},{"@type":"ImageObject","inLanguage":"en-US","@id":"https:\/\/electrostickers.ch\/en\/product\/att-refoulement-acht-ruck-att-fatt\/#primaryimage","url":"https:\/\/electrostickers.ch\/wp-content\/uploads\/2024\/01\/Attention-1.png","contentUrl":"https:\/\/electrostickers.ch\/wp-content\/uploads\/2024\/01\/Attention-1.png","width":1500,"height":1500},{"@type":"BreadcrumbList","@id":"https:\/\/electrostickers.ch\/en\/product\/att-refoulement-acht-ruck-att-fatt\/#breadcrumb","itemListElement":[{"@type":"ListItem","position":1,"name":"Accueil","item":"https:\/\/electrostickers.ch\/"},{"@type":"ListItem","position":2,"name":"Shop Now","item":"https:\/\/electrostickers.ch\/en\/shop-now\/"},{"@type":"ListItem","position":3,"name":"Att. refoulement, Acht. R\u00fcck., Att. fatt."}]},{"@type":"WebSite","@id":"https:\/\/electrostickers.ch\/#website","url":"https:\/\/electrostickers.ch\/","name":"electrostickers.ch","description":"","potentialAction":[{"@type":"SearchAction","target":{"@type":"EntryPoint","urlTemplate":"https:\/\/electrostickers.ch\/?s={search_term_string}"},"query-input":"required name=search_term_string"}],"inLanguage":"en-US"}]}},"_links":{"self":[{"href":"https:\/\/electrostickers.ch\/en\/wp-json\/wp\/v2\/product\/327","targetHints":{"allow":["GET"]}}],"collection":[{"href":"https:\/\/electrostickers.ch\/en\/wp-json\/wp\/v2\/product"}],"about":[{"href":"https:\/\/electrostickers.ch\/en\/wp-json\/wp\/v2\/types\/product"}],"wp:featuredmedia":[{"embeddable":true,"href":"https:\/\/electrostickers.ch\/en\/wp-json\/wp\/v2\/media\/328"}],"wp:attachment":[{"href":"https:\/\/electrostickers.ch\/en\/wp-json\/wp\/v2\/media?parent=327"}],"wp:term":[{"taxonomy":"product_cat","embeddable":true,"href":"https:\/\/electrostickers.ch\/en\/wp-json\/wp\/v2\/product_cat?post=327"},{"taxonomy":"product_tag","embeddable":true,"href":"https:\/\/electrostickers.ch\/en\/wp-json\/wp\/v2\/product_tag?post=327"}],"curies":[{"name":"wp","href":"https:\/\/api.w.org\/{rel}","templated":true}]}}